{"id":7843,"date":"2020-10-25T01:14:47","date_gmt":"2020-10-24T23:14:47","guid":{"rendered":"https:\/\/www.ctr.hr\/about-us\/history-of-ctr\/"},"modified":"2023-10-24T05:08:43","modified_gmt":"2023-10-24T03:08:43","slug":"history-of-ctr","status":"publish","type":"page","link":"https:\/\/www.ctr.hr\/en\/about-us\/history-of-ctr\/","title":{"rendered":"History of CTR"},"content":{"rendered":"\t\t<div data-elementor-type=\"wp-page\" data-elementor-id=\"7843\" class=\"elementor elementor-7843 elementor-6838\" data-elementor-settings=\"{&quot;ha_cmc_init_switcher&quot;:&quot;no&quot;}\" data-elementor-post-type=\"page\">\n\t\t\t\t\t\t<section class=\"elementor-section elementor-top-section elementor-element elementor-element-741a3d1 cloud_animated_bottom elementor-section-boxed elementor-section-height-default elementor-section-height-default\" data-id=\"741a3d1\" data-element_type=\"section\" data-settings=\"{&quot;background_background&quot;:&quot;classic&quot;,&quot;_ha_eqh_enable&quot;:false}\">\n\t\t\t\t\t\t\t<div class=\"elementor-background-overlay\"><\/div>\n\t\t\t\t\t\t\t<div class=\"elementor-container elementor-column-gap-default\">\n\t\t\t\t\t<div class=\"elementor-column elementor-col-33 elementor-top-column elementor-element elementor-element-8ea3afa\" data-id=\"8ea3afa\" data-element_type=\"column\">\n\t\t\t<div class=\"elementor-widget-wrap\">\n\t\t\t\t\t\t\t<\/div>\n\t\t<\/div>\n\t\t\t\t<div class=\"elementor-column elementor-col-33 elementor-top-column elementor-element elementor-element-89a5b4e\" data-id=\"89a5b4e\" data-element_type=\"column\">\n\t\t\t<div class=\"elementor-widget-wrap elementor-element-populated\">\n\t\t\t\t\t\t<div class=\"elementor-element elementor-element-37563a5 elementor-widget elementor-widget-spacer\" data-id=\"37563a5\" data-element_type=\"widget\" data-widget_type=\"spacer.default\">\n\t\t\t\t<div class=\"elementor-widget-container\">\n\t\t\t\t\t\t\t<div class=\"elementor-spacer\">\n\t\t\t<div class=\"elementor-spacer-inner\"><\/div>\n\t\t<\/div>\n\t\t\t\t\t\t<\/div>\n\t\t\t\t<\/div>\n\t\t\t\t<div class=\"elementor-element-custom_font_size elementor-element-custom_font_weight elementor-element elementor-element-5ce4f96 elementor-widget elementor-widget-text-editor\" data-id=\"5ce4f96\" data-element_type=\"widget\" data-widget_type=\"text-editor.default\">\n\t\t\t\t<div class=\"elementor-widget-container\">\n\t\t\t\t\t\t\t\t\t<h5>About CTR-u<\/h5>\n\t\t\t\t\t\t\t\t<\/div>\n\t\t\t\t<\/div>\n\t\t\t\t<div class=\"elementor-element elementor-element-3d302d7 elementor-widget elementor-widget-heading\" data-id=\"3d302d7\" data-element_type=\"widget\" data-widget_type=\"heading.default\">\n\t\t\t\t<div class=\"elementor-widget-container\">\n\t\t\t\t\t<h2 class=\"elementor-heading-title elementor-size-default\">A brief history<\/h2>\t\t\t\t<\/div>\n\t\t\t\t<\/div>\n\t\t\t\t<div class=\"elementor-element elementor-element-b01af0b elementor-widget elementor-widget-spacer\" data-id=\"b01af0b\" data-element_type=\"widget\" data-widget_type=\"spacer.default\">\n\t\t\t\t<div class=\"elementor-widget-container\">\n\t\t\t\t\t\t\t<div class=\"elementor-spacer\">\n\t\t\t<div class=\"elementor-spacer-inner\"><\/div>\n\t\t<\/div>\n\t\t\t\t\t\t<\/div>\n\t\t\t\t<\/div>\n\t\t\t\t<div class=\"elementor-element elementor-element-0321352 elementor-widget elementor-widget-spacer\" data-id=\"0321352\" data-element_type=\"widget\" data-widget_type=\"spacer.default\">\n\t\t\t\t<div class=\"elementor-widget-container\">\n\t\t\t\t\t\t\t<div class=\"elementor-spacer\">\n\t\t\t<div class=\"elementor-spacer-inner\"><\/div>\n\t\t<\/div>\n\t\t\t\t\t\t<\/div>\n\t\t\t\t<\/div>\n\t\t\t\t<div class=\"elementor-element elementor-element-52ab50f vertical_style-2 chess_board-yes elementor-widget elementor-widget-gt3-core-processbar\" data-id=\"52ab50f\" data-element_type=\"widget\" data-widget_type=\"gt3-core-processbar.default\">\n\t\t\t\t<div class=\"elementor-widget-container\">\n\t\t\t\t\t<div class=\"gt3_process_bar_container row gt3_process_bar_container--type-vertical\"><div class=\"gt3_process_item span12 elementor-repeater-item-611f891\"><div class=\"gt3_process_item__number\">1992<\/div><div class=\"gt3_process_item__circle_wrapp\">\r\n\t\t\t<div class=\"gt3_process_item__circle_line_before\"><\/div>\r\n\t\t\t<div class=\"gt3_process_item__circle gt3_process_item__circle--size_e_large\"><\/div>\r\n\t\t\t<div class=\"gt3_process_item__circle_line_after\"><\/div>\r\n\t\t\t<\/div><div class=\"gt3_process_item__content\"><div class=\"gt3_process_item__content_wrapper\"><div class=\"gt3_process_item__heading\"><h3>Osnivanje dru\u0161tva<\/h3><\/div><div class=\"gt3_process_item__description\">Po\u010detkom devedesetih to\u010dnije 1992. godine, predstavnici Brodsko- posavske \u017eupanije, znanstvenih institucija i lokalni stru\u010dnjaci osnivaju trgova\u010dko dru\u0161tvo Centar za tehnolo\u0161ki razvoj (CTR) kao budu\u0107u jezgru za znanstveno-istra\u017eiva\u010dki rad, transfer tehnologija i podr\u0161ku inovativnom stvarala\u0161tvu.<\/div><\/div><\/div><\/div><div class=\"gt3_process_item span12 elementor-repeater-item-2127e59\"><div class=\"gt3_process_item__number\">1994<\/div><div class=\"gt3_process_item__circle_wrapp\">\r\n\t\t\t<div class=\"gt3_process_item__circle_line_before\"><\/div>\r\n\t\t\t<div class=\"gt3_process_item__circle gt3_process_item__circle--size_mini\"><\/div>\r\n\t\t\t<div class=\"gt3_process_item__circle_line_after\"><\/div>\r\n\t\t\t<\/div><div class=\"gt3_process_item__content\"><div class=\"gt3_process_item__content_wrapper\"><div class=\"gt3_process_item__heading\"><h3>Poslovni vodi\u010d BP\u017d<\/h3><\/div><div class=\"gt3_process_item__description\">\u017dupanija je 1994. godine Centru povjerila izdavanje Poslovnog vodi\u010da kroz \u017dupaniju (na hrvatskom i engleskom jeziku) s osnovnim ciljem predstavljanja \u017dupanije u Hrvatskoj i inozemstvu te privla\u010denja ulaga\u010da u \u017eupaniju.<\/div><\/div><\/div><\/div><div class=\"gt3_process_item span12 elementor-repeater-item-7680693\"><div class=\"gt3_process_item__number\">1997<\/div><div class=\"gt3_process_item__circle_wrapp\">\r\n\t\t\t<div class=\"gt3_process_item__circle_line_before\"><\/div>\r\n\t\t\t<div class=\"gt3_process_item__circle gt3_process_item__circle--size_mini\"><\/div>\r\n\t\t\t<div class=\"gt3_process_item__circle_line_after\"><\/div>\r\n\t\t\t<\/div><div class=\"gt3_process_item__content\"><div class=\"gt3_process_item__content_wrapper\"><div class=\"gt3_process_item__heading\"><h3>Uloga \u017eupanijske razvojne agencije<\/h3><\/div><div class=\"gt3_process_item__description\">Od 1997. godine Brodsko-posavska \u017eupanija povjerila je temeljem godi\u0161njeg ugovora CTR-u ulogu \u017dupanijske razvojne agencije (prve u Hrvatskoj). Kao takav, jedan je od nositelja izrade i provedbe Regionalnog operativnog programa Brodsko-posavske \u017eupanije za razdoblje 2005-2012. godine.<\/div><\/div><\/div><\/div><div class=\"gt3_process_item span12 elementor-repeater-item-29e0a99\"><div class=\"gt3_process_item__number\">2010<\/div><div class=\"gt3_process_item__circle_wrapp\">\r\n\t\t\t<div class=\"gt3_process_item__circle_line_before\"><\/div>\r\n\t\t\t<div class=\"gt3_process_item__circle gt3_process_item__circle--size_mini\"><\/div>\r\n\t\t\t<div class=\"gt3_process_item__circle_line_after\"><\/div>\r\n\t\t\t<\/div><div class=\"gt3_process_item__content\"><div class=\"gt3_process_item__content_wrapper\"><div class=\"gt3_process_item__heading\"><h3>Formiranje CTR-a<\/h3><\/div><div class=\"gt3_process_item__description\">Agencija za regionalni razvoj Republike Hrvatske 2010. godine izdaje potvrdu kojom se potvr\u0111uje da je CTR - Razvojna agencija Brodsko-posavske \u017eupanije d.o.o. upisana, na prijedlog Brodsko-posavske \u017eupanije, u Upisnik upravnih tijela jedinica lokalne i podru\u010dne (regionalne) samouprave, agencija i drugih pravnih osoba osnovanih ciljem u\u010dinkovite koordinacije i poticanja regionalnog razvoja.<\/div><\/div><\/div><\/div><div class=\"gt3_process_item span12 elementor-repeater-item-50cdc47\"><div class=\"gt3_process_item__number\">2018<\/div><div class=\"gt3_process_item__circle_wrapp\">\r\n\t\t\t<div class=\"gt3_process_item__circle_line_before\"><\/div>\r\n\t\t\t<div class=\"gt3_process_item__circle gt3_process_item__circle--size_mini\"><\/div>\r\n\t\t\t<div class=\"gt3_process_item__circle_line_after\"><\/div>\r\n\t\t\t<\/div><div class=\"gt3_process_item__content\"><div class=\"gt3_process_item__content_wrapper\"><div class=\"gt3_process_item__heading\"><h3>Osnivanje Javne ustanove CTR<\/h3><\/div><div class=\"gt3_process_item__description\">Sukladno Zakonu o regionalnom razvoju Brodsko-posavska \u017eupanija aktom o osnivanju osniva CTR- Centar za razvoj Brodsko-posavske \u017eupanije kao javnu ustanovu radi u\u010dinkovitije koordinacije poslova strate\u0161kog planiranja i poticanja regionalnog razvoja za podru\u010dje BP\u017d. Djelatnici donedavne Razvojne agencije Brodsko-posavske \u017eupanije d.o.o. postaju djelatnici novoosnovanog Centra za razvoj BP\u017d. Vi\u0161e od 20. godina izvrsnosti Razvojne agencije BP\u017d u pripremi i provedbi projekata sufinanciranih sredstvima iz EU fondova, kroz znanje djelatnika nastavlja se u Centru za razvoj BP\u017d.<\/div><\/div><\/div><\/div><div class=\"gt3_process_item span12 elementor-repeater-item-6c293f6\"><div class=\"gt3_process_item__number\">Danas<\/div><div class=\"gt3_process_item__circle_wrapp\">\r\n\t\t\t<div class=\"gt3_process_item__circle_line_before\"><\/div>\r\n\t\t\t<div class=\"gt3_process_item__circle gt3_process_item__circle--size_small\"><\/div>\r\n\t\t\t<div class=\"gt3_process_item__circle_line_after\"><\/div>\r\n\t\t\t<\/div><div class=\"gt3_process_item__content\"><div class=\"gt3_process_item__content_wrapper\"><div class=\"gt3_process_item__heading\"><h3><\/h3><\/div><div class=\"gt3_process_item__description\">Dana\u0161nji CTR- Centar za razvoj BP\u017d ozna\u010dava centar izvrsnosti u pripremi i provedbi EU projekata javnopravnim tijelima i javnim ustanovama s podru\u010dja \u017dupanije, a kojima su osniva\u010di RH, \u017dupanija i jedinice lokalne samouprave te centar izvrsnosti za savjetodavnu pomo\u0107 poduzetnicima u njihovom interesu za EU projekte. Izrada i provo\u0111enje razvojnih programa ministarstva i \u017dupanije, pru\u017eanje pomo\u0107i u pripremi i provedbi programa potpore i razvojnih projekata sufinanciranih EU sredstvima za javnopravna tijela i javne ustanove, najistaknutije su djelatnosti CTR-a.<\/div><\/div><\/div><\/div><\/div>\t\t\t\t<\/div>\n\t\t\t\t<\/div>\n\t\t\t\t<div class=\"elementor-element elementor-element-dde78ab elementor-widget elementor-widget-spacer\" data-id=\"dde78ab\" data-element_type=\"widget\" data-widget_type=\"spacer.default\">\n\t\t\t\t<div class=\"elementor-widget-container\">\n\t\t\t\t\t\t\t<div class=\"elementor-spacer\">\n\t\t\t<div class=\"elementor-spacer-inner\"><\/div>\n\t\t<\/div>\n\t\t\t\t\t\t<\/div>\n\t\t\t\t<\/div>\n\t\t\t\t\t<\/div>\n\t\t<\/div>\n\t\t\t\t<div class=\"elementor-column elementor-col-33 elementor-top-column elementor-element elementor-element-0e06256\" data-id=\"0e06256\" data-element_type=\"column\">\n\t\t\t<div class=\"elementor-widget-wrap\">\n\t\t\t\t\t\t\t<\/div>\n\t\t<\/div>\n\t\t\t\t\t<\/div>\n\t\t<\/section>\n\t\t\t\t<\/div>\n\t\t","protected":false},"excerpt":{"rendered":"<p>About CTR-u A brief history 1992 Osnivanje dru\u0161tva Po\u010detkom devedesetih to\u010dnije 1992. godine, predstavnici Brodsko- posavske \u017eupanije, znanstvenih institucija i lokalni stru\u010dnjaci osnivaju trgova\u010dko dru\u0161tvo Centar za tehnolo\u0161ki razvoj (CTR) kao budu\u0107u jezgru za znanstveno-istra\u017eiva\u010dki rad, transfer tehnologija i podr\u0161ku inovativnom stvarala\u0161tvu.1994 Poslovni vodi\u010d BP\u017d \u017dupanija je 1994. godine Centru povjerila izdavanje Poslovnog vodi\u010da kroz [&hellip;]<\/p>\n","protected":false},"author":1,"featured_media":0,"parent":7835,"menu_order":0,"comment_status":"closed","ping_status":"closed","template":"","meta":{"footnotes":""},"class_list":["post-7843","page","type-page","status-publish","hentry"],"_links":{"self":[{"href":"https:\/\/www.ctr.hr\/en\/wp-json\/wp\/v2\/pages\/7843","targetHints":{"allow":["GET"]}}],"collection":[{"href":"https:\/\/www.ctr.hr\/en\/wp-json\/wp\/v2\/pages"}],"about":[{"href":"https:\/\/www.ctr.hr\/en\/wp-json\/wp\/v2\/types\/page"}],"author":[{"embeddable":true,"href":"https:\/\/www.ctr.hr\/en\/wp-json\/wp\/v2\/users\/1"}],"replies":[{"embeddable":true,"href":"https:\/\/www.ctr.hr\/en\/wp-json\/wp\/v2\/comments?post=7843"}],"version-history":[{"count":0,"href":"https:\/\/www.ctr.hr\/en\/wp-json\/wp\/v2\/pages\/7843\/revisions"}],"up":[{"embeddable":true,"href":"https:\/\/www.ctr.hr\/en\/wp-json\/wp\/v2\/pages\/7835"}],"wp:attachment":[{"href":"https:\/\/www.ctr.hr\/en\/wp-json\/wp\/v2\/media?parent=7843"}],"curies":[{"name":"wp","href":"https:\/\/api.w.org\/{rel}","templated":true}]}}